{"id":11,"date":"2026-01-11T23:51:12","date_gmt":"2026-01-11T23:51:12","guid":{"rendered":"https:\/\/melhoresbonesledcalvicie.com.br\/?page_id=11"},"modified":"2026-01-11T23:51:12","modified_gmt":"2026-01-11T23:51:12","slug":"quem-somos","status":"publish","type":"page","link":"https:\/\/melhoresbonesledcalvicie.com.br\/?page_id=11","title":{"rendered":"Quem Somos"},"content":{"rendered":"\n<p>Bem-vindo ao <a href=\"https:\/\/melhoresbonesledcalvicie.com.br\">Melhores Bon\u00e9s de LED Anticalv\u00edcie<\/a>, seu guia completo sobre <strong>bon\u00e9s de LED para preven\u00e7\u00e3o da calv\u00edcie<\/strong>. Nossa miss\u00e3o \u00e9 ajudar pessoas que buscam solu\u00e7\u00f5es eficazes para cuidar da sa\u00fade capilar, apresentando an\u00e1lises detalhadas e imparciais dos melhores produtos do mercado.<\/p>\n\n\n\n<p>Aqui voc\u00ea encontrar\u00e1 <strong>reviews completos de bon\u00e9s de LED anticalv\u00edcie<\/strong>, com informa\u00e7\u00f5es sobre desempenho, conforto, tecnologia e custo-benef\u00edcio, para que voc\u00ea possa tomar decis\u00f5es seguras e conscientes antes de comprar.<\/p>\n\n\n\n<p>Nosso time \u00e9 formado por apaixonados por tecnologia e sa\u00fade capilar, que pesquisam cada produto de forma minuciosa, testando funcionalidades e consultando as \u00faltimas tend\u00eancias e estudos cient\u00edficos sobre <strong>terapia de luz para crescimento capilar<\/strong>.<\/p>\n\n\n\n<p>No <a href=\"https:\/\/melhoresbonesledcalvicie.com.br\/\">Melhores Bon\u00e9s de LED Anticalv\u00edcie<\/a>, priorizamos:<\/p>\n\n\n\n<ul class=\"wp-block-list\">\n<li><strong>Transpar\u00eancia:<\/strong> todos os reviews s\u00e3o honestos e baseados em crit\u00e9rios reais de qualidade e efici\u00eancia.<\/li>\n\n\n\n<li><strong>Atualiza\u00e7\u00e3o constante:<\/strong> estamos sempre trazendo novidades sobre os melhores bon\u00e9s de LED e inova\u00e7\u00f5es no combate \u00e0 queda de cabelo.<\/li>\n\n\n\n<li><strong>Facilidade de escolha:<\/strong> nosso objetivo \u00e9 simplificar a busca pelo bon\u00e9 ideal, com comparativos, rankings e dicas pr\u00e1ticas.<\/li>\n<\/ul>\n\n\n\n<p>Nosso compromisso \u00e9 ser seu ponto de refer\u00eancia confi\u00e1vel para <strong>preven\u00e7\u00e3o da calv\u00edcie<\/strong> usando tecnologia moderna. Queremos que voc\u00ea encontre o produto certo para cuidar do seu cabelo de forma pr\u00e1tica, segura e eficiente.<\/p>\n\n\n\n<p>Se voc\u00ea busca <strong>bon\u00e9s de LED de qualidade<\/strong>, an\u00e1lises confi\u00e1veis e recomenda\u00e7\u00f5es imparciais, voc\u00ea est\u00e1 no lugar certo. Explore nossos reviews e descubra os melhores produtos do mercado!<\/p>\n","protected":false},"excerpt":{"rendered":"<p>Bem-vindo ao Melhores Bon\u00e9s de LED Anticalv\u00edcie, seu guia completo sobre bon\u00e9s de LED para preven\u00e7\u00e3o da calv\u00edcie. Nossa miss\u00e3o \u00e9 ajudar pessoas que buscam solu\u00e7\u00f5es eficazes para cuidar da sa\u00fade capilar, apresentando an\u00e1lises detalhadas e imparciais dos melhores produtos do mercado. Aqui voc\u00ea encontrar\u00e1 reviews completos de bon\u00e9s de LED anticalv\u00edcie, com informa\u00e7\u00f5es sobre &#8230; <a title=\"Quem Somos\" class=\"read-more\" href=\"https:\/\/melhoresbonesledcalvicie.com.br\/?page_id=11\" aria-label=\"Read more about Quem Somos\">Ler mais<\/a><\/p>\n","protected":false},"author":1,"featured_media":0,"parent":0,"menu_order":0,"comment_status":"closed","ping_status":"closed","template":"","meta":{"footnotes":""},"class_list":["post-11","page","type-page","status-publish"],"_links":{"self":[{"href":"https:\/\/melhoresbonesledcalvicie.com.br\/index.php?rest_route=\/wp\/v2\/pages\/11","targetHints":{"allow":["GET"]}}],"collection":[{"href":"https:\/\/melhoresbonesledcalvicie.com.br\/index.php?rest_route=\/wp\/v2\/pages"}],"about":[{"href":"https:\/\/melhoresbonesledcalvicie.com.br\/index.php?rest_route=\/wp\/v2\/types\/page"}],"author":[{"embeddable":true,"href":"https:\/\/melhoresbonesledcalvicie.com.br\/index.php?rest_route=\/wp\/v2\/users\/1"}],"replies":[{"embeddable":true,"href":"https:\/\/melhoresbonesledcalvicie.com.br\/index.php?rest_route=%2Fwp%2Fv2%2Fcomments&post=11"}],"version-history":[{"count":1,"href":"https:\/\/melhoresbonesledcalvicie.com.br\/index.php?rest_route=\/wp\/v2\/pages\/11\/revisions"}],"predecessor-version":[{"id":12,"href":"https:\/\/melhoresbonesledcalvicie.com.br\/index.php?rest_route=\/wp\/v2\/pages\/11\/revisions\/12"}],"wp:attachment":[{"href":"https:\/\/melhoresbonesledcalvicie.com.br\/index.php?rest_route=%2Fwp%2Fv2%2Fmedia&parent=11"}],"curies":[{"name":"wp","href":"https:\/\/api.w.org\/{rel}","templated":true}]}}